{"id":1027,"date":"2012-10-16T12:49:30","date_gmt":"2012-10-16T10:49:30","guid":{"rendered":"http:\/\/www.girot.ch\/index.php\/?page_id=1027"},"modified":"2025-11-28T12:21:28","modified_gmt":"2025-11-28T10:21:28","slug":"technology-de","status":"publish","type":"page","link":"https:\/\/www.girot.ch\/?page_id=1027&lang=de","title":{"rendered":"Innovation &#8211; Point Cloud 3D Modeling Technologie"},"content":{"rendered":"<p class=\"p1\">3D-Landschaftsmodellierung reicht nahtlos vom kleinen Objektma\u00dfstab bis zum gr\u00f6\u00dferen territorialen Ma\u00dfstab. Die Herausforderung besteht darin, diese Werkzeuge durch Topografie, Optimierung der Standortbedingungen und L\u00f6sung von Projektbeschr\u00e4nkungen in den Kern eines Projekts zu integrieren. Zehn Jahre Forschung und Entwicklung, die wir in unsere Projekte einflie\u00dfen lassen, st\u00e4rken unsere Expertise in der Anpassung unserer Modellierungswerkzeuge an multidisziplin\u00e4re Teams und die jeweiligen Aufgaben.<\/p>\n<p class=\"p1\">Zwanzig Jahre Spitzenforschung im Bereich innovativer digitaler und robotischer Werkzeuge f\u00fcr die Planung, Bewertung, Iteration von Optionen, Gestaltung, Visualisierung und Fertigung in unterschiedlichen Ma\u00dfst\u00e4ben der Landschaftsgestaltung. Pr\u00e4mierte und bahnbrechende digitale Werkzeuge und Methoden wurden entwickelt und in Projekten erprobt, die in 20 Jahren Fallstudien im Rahmen von Doktorarbeiten erprobt wurden.<\/p>\n<p class=\"p1\">Atelier Girot bietet interdisziplin\u00e4re Experten, um diese Innovationen durch Topografie, Optimierungen und die L\u00f6sung von Projektbeschr\u00e4nkungen nahtlos in den Kern eines Projekts zu integrieren.<\/p>\n<p class=\"p1\">Durch den Einsatz von 3D-Modellierungswerkzeugen und GIS-Punktwolken-Technologien kann unser B\u00fcro pr\u00e4zise, \u200b\u200bfundierte Modelle eines Landschaftsprojekts erstellen. Jedes dieser Werkzeuge erleichtert das Verst\u00e4ndnis der komplexen Dynamik der Landschaft im Laufe der Zeit und erm\u00f6glicht die Entwicklung einer breiten Palette von Varianten und Visualisierungen.<\/p>\n<p class=\"p1\">Diese Innovationen erm\u00f6glichen uns die enge Zusammenarbeit mit Ingenieuren auf regionaler Ebene bei der Entwurfsentwicklung, Detaillierung und Kommunikation.<\/p>\n<p>Unsere Kompetenzen:<\/p>\n<p class=\"p1\">\u2022 Standortauswirkungen und -analyse<\/p>\n<p class=\"p1\">\u2022 Landschaftsvisualisierung<\/p>\n<p class=\"p1\">\u2022 Topologische Definition und Optimierung<\/p>\n<p class=\"p1\">\u2022 Volumenanalyse und Kubaturberechnung<\/p>\n<p class=\"p1\">\u2022 Planierung, Entw\u00e4sserung, Wassermanagement<\/p>\n<p class=\"p1\">\u2022 Entwurfsimplementierung, Integration, Bepflanzung<\/p>\n","protected":false},"excerpt":{"rendered":"<p>3D-Landschaftsmodellierung reicht nahtlos vom kleinen Objektma\u00dfstab bis zum gr\u00f6\u00dferen territorialen Ma\u00dfstab. Die Herausforderung besteht darin, diese Werkzeuge durch Topografie, Optimierung der Standortbedingungen und L\u00f6sung von Projektbeschr\u00e4nkungen in den Kern eines Projekts zu integrieren. Zehn Jahre Forschung und Entwicklung, die wir in unsere Projekte einflie\u00dfen lassen, st\u00e4rken unsere Expertise in der Anpassung unserer Modellierungswerkzeuge an multidisziplin\u00e4re&#8230;<\/p>\n","protected":false},"author":1,"featured_media":7095,"parent":3691,"menu_order":0,"comment_status":"closed","ping_status":"closed","template":"","meta":{"footnotes":""},"class_list":["post-1027","page","type-page","status-publish","has-post-thumbnail","hentry","has-content"],"_links":{"self":[{"href":"https:\/\/www.girot.ch\/index.php?rest_route=\/wp\/v2\/pages\/1027","targetHints":{"allow":["GET"]}}],"collection":[{"href":"https:\/\/www.girot.ch\/index.php?rest_route=\/wp\/v2\/pages"}],"about":[{"href":"https:\/\/www.girot.ch\/index.php?rest_route=\/wp\/v2\/types\/page"}],"author":[{"embeddable":true,"href":"https:\/\/www.girot.ch\/index.php?rest_route=\/wp\/v2\/users\/1"}],"replies":[{"embeddable":true,"href":"https:\/\/www.girot.ch\/index.php?rest_route=%2Fwp%2Fv2%2Fcomments&post=1027"}],"version-history":[{"count":21,"href":"https:\/\/www.girot.ch\/index.php?rest_route=\/wp\/v2\/pages\/1027\/revisions"}],"predecessor-version":[{"id":7226,"href":"https:\/\/www.girot.ch\/index.php?rest_route=\/wp\/v2\/pages\/1027\/revisions\/7226"}],"up":[{"embeddable":true,"href":"https:\/\/www.girot.ch\/index.php?rest_route=\/wp\/v2\/pages\/3691"}],"wp:featuredmedia":[{"embeddable":true,"href":"https:\/\/www.girot.ch\/index.php?rest_route=\/wp\/v2\/media\/7095"}],"wp:attachment":[{"href":"https:\/\/www.girot.ch\/index.php?rest_route=%2Fwp%2Fv2%2Fmedia&parent=1027"}],"curies":[{"name":"wp","href":"https:\/\/api.w.org\/{rel}","templated":true}]}}