{"id":2644,"date":"2012-10-29T13:56:44","date_gmt":"2012-10-29T11:56:44","guid":{"rendered":"http:\/\/www.girot.ch\/index.php\/home-2\/"},"modified":"2025-06-23T18:49:28","modified_gmt":"2025-06-23T16:49:28","slug":"home","status":"publish","type":"page","link":"https:\/\/www.girot.ch\/?page_id=2644&lang=fr","title":{"rendered":"Bienvenue"},"content":{"rendered":"<h3>DESIGN &amp; ECOLOGIE<\/h3>\n<p class=\"p1\">Atelier Girot r\u00e9unit une grande diversit\u00e9 de talents et d&#8217;exp\u00e9riences dans les domaines de la conception de jardins et de paysages, des infrastructures paysag\u00e8res et de l&#8217;urbanisme.<\/p>\n<p class=\"p1\">40 ans d&#8217;expertise en design, topographie, botanique et conservation de l&#8217;eau font \u00e9merger de nouvelles formes d&#8217;adaptation \u00e9cologique, en r\u00e9ponse directe \u00e0 l&#8217;esprit naturel d&#8217;un lieu.<\/p>\n<p class=\"p1\">Le jardin n&#8217;est pas seulement le dernier refuge d&#8217;un lien particulier avec la nature, mais aussi un terrain d&#8217;exp\u00e9rimentation botanique en mati\u00e8re d&#8217;adaptation. De l&#8217;\u00e9chelle du jardin \u00e0 celle d&#8217;un territoire, ces nouvelles formes de diversit\u00e9 et de combinaisons v\u00e9g\u00e9tales entra\u00eeneront un changement radical dans l&#8217;esth\u00e9tique \u00e0 laquelle nous sommes attach\u00e9s et que nous connaissons.<\/p>\n<h3>Services &amp; TechnoloGIES<\/h3>\n<p class=\"p1\">Depuis 2001, Christophe et son \u00e9quipe de recherche \u00e0 sa chaire de Paysage \u00e0 l&#8217;\u00c9cole polytechnique f\u00e9d\u00e9rale de Zurich a appliqu\u00e9 des innovations digitales et robotiques sur la pratique du paysage.\u00a0 Des nouvelles approches d&#8217; \u00e9valuation, de projections et de production de conception paysag\u00e8re, sont devenus une partie int\u00e9grante du cursus propos\u00e9 aux d\u00e9partement d&#8217;architecture.<\/p>\n<p class=\"p1\">Ces outils et m\u00e9thodologies num\u00e9riques innovants et reconnus ont \u00e9t\u00e9 d\u00e9velopp\u00e9s et test\u00e9s dans le cadre de projets men\u00e9s au cours de 20 ann\u00e9es d&#8217;\u00e9tudes de cas doctorales.<\/p>\n<p class=\"p1\">Consultez notre page<span class=\"Apple-converted-space\">\u00a0<\/span><a href=\"https:\/\/www.girot.ch\/?page_id=3038&amp;lang=fr\">Innovation<\/a> pour en savoir plus sur notre m\u00e9thodologie et nos technologies de conception.<\/p>\n<p><a style=\"font-size: revert; letter-spacing: 0.025em;\" title=\"AlpTransit- Depot Sigirino, Canton Ticino\" href=\"https:\/\/www.girot.ch\/?project=alptransit-depot-sigirino-sbb&amp;lang=fr\">&gt; Voir le Project &#8216;Sigirino Alptransit Depot&#8217;<\/a><\/p>\n<h3>CHRISTOPHE GIROT<\/h3>\n<p class=\"p1\">Christophe apporte \u00e0 chaque projet l&#8217;exp\u00e9rience de la direction d&#8217;un bureau d&#8217;\u00e9tudes, tout en menant en parall\u00e8le des ann\u00e9es de recherche et d&#8217;enseignement en am\u00e9nagement paysager dans des universit\u00e9s de premier plan.<\/p>\n<p><a title=\"3D Modelling Technology\" href=\"https:\/\/www.girot.ch\/?page_id=3711&amp;lang=fr\" rel=\"noopener\">&gt; Christophe Girot<\/a><\/p>\n\n\n<p><\/p>\n","protected":false},"excerpt":{"rendered":"<p>DESIGN &amp; ECOLOGIE Atelier Girot r\u00e9unit une grande diversit\u00e9 de talents et d&#8217;exp\u00e9riences dans les domaines de la conception de jardins et de paysages, des infrastructures paysag\u00e8res et de l&#8217;urbanisme. 40 ans d&#8217;expertise en design, topographie, botanique et conservation de l&#8217;eau font \u00e9merger de nouvelles formes d&#8217;adaptation \u00e9cologique, en r\u00e9ponse directe \u00e0 l&#8217;esprit naturel d&#8217;un&#8230;<\/p>\n","protected":false},"author":1,"featured_media":7057,"parent":0,"menu_order":0,"comment_status":"closed","ping_status":"closed","template":"","meta":{"footnotes":""},"class_list":["post-2644","page","type-page","status-publish","has-post-thumbnail","hentry","has-content"],"_links":{"self":[{"href":"https:\/\/www.girot.ch\/index.php?rest_route=\/wp\/v2\/pages\/2644","targetHints":{"allow":["GET"]}}],"collection":[{"href":"https:\/\/www.girot.ch\/index.php?rest_route=\/wp\/v2\/pages"}],"about":[{"href":"https:\/\/www.girot.ch\/index.php?rest_route=\/wp\/v2\/types\/page"}],"author":[{"embeddable":true,"href":"https:\/\/www.girot.ch\/index.php?rest_route=\/wp\/v2\/users\/1"}],"replies":[{"embeddable":true,"href":"https:\/\/www.girot.ch\/index.php?rest_route=%2Fwp%2Fv2%2Fcomments&post=2644"}],"version-history":[{"count":39,"href":"https:\/\/www.girot.ch\/index.php?rest_route=\/wp\/v2\/pages\/2644\/revisions"}],"predecessor-version":[{"id":7292,"href":"https:\/\/www.girot.ch\/index.php?rest_route=\/wp\/v2\/pages\/2644\/revisions\/7292"}],"wp:featuredmedia":[{"embeddable":true,"href":"https:\/\/www.girot.ch\/index.php?rest_route=\/wp\/v2\/media\/7057"}],"wp:attachment":[{"href":"https:\/\/www.girot.ch\/index.php?rest_route=%2Fwp%2Fv2%2Fmedia&parent=2644"}],"curies":[{"name":"wp","href":"https:\/\/api.w.org\/{rel}","templated":true}]}}