{"id":2645,"date":"2012-10-29T13:56:44","date_gmt":"2012-10-29T11:56:44","guid":{"rendered":"http:\/\/www.girot.ch\/index.php\/home-2\/"},"modified":"2025-11-28T12:21:48","modified_gmt":"2025-11-28T10:21:48","slug":"wilkommen","status":"publish","type":"page","link":"https:\/\/www.girot.ch\/?page_id=2645&lang=de","title":{"rendered":"Wilkommen"},"content":{"rendered":"<p class=\"p1\">Atelier Girot vereint vielf\u00e4ltige Talente und Erfahrungen aus den Bereichen Garten- und Landschaftsgestaltung, Landschaftsinfrastruktur und St\u00e4dtebau.<\/p>\n<p class=\"p1\">40 Jahre Expertise in Design, Topografie, Botanik und Wasserschutz bringen neue Formen \u00f6kologischer Anpassung hervor, die direkt auf den nat\u00fcrlichen Geist eines Ortes reagieren.<\/p>\n<p class=\"p1\">Der Garten ist nicht nur der letzte R\u00fcckzugsort einer besonderen Verbundenheit mit der Natur, sondern auch ein Feld f\u00fcr botanische Experimente zur Anpassung. Vom Ma\u00dfstab des Gartens bis hin zum Ma\u00dfstab eines Territoriums werden diese neuen Formen der Vielfalt und Vegetationskombinationen zu einem radikalen Wandel der \u00c4sthetik f\u00fchren, der wir vertrauen und die wir kennen.<\/p>\n<h3>Services &amp; TechnologIE<\/h3>\n<p class=\"p1\">Seit 2001 besch\u00e4ftigt sich Christophe mit seiner Professur am Polytechnikum Z\u00fcrich und seinem Forschungsteam mit innovativen Technologien und Werkzeugen zur Bewertung, Erfassung und Umsetzung von Landschaftsdesign in verschiedenen Ma\u00dfst\u00e4ben.<\/p>\n<p class=\"p1\">Pr\u00e4mierte und bahnbrechende digitale Werkzeuge und Methoden wurden entwickelt und in 20 Jahren Doktorarbeit in verschiedenen Projekten erprobt.<\/p>\n<p class=\"p1\">Besuchen Sie unsere <a href=\"https:\/\/www.girot.ch\/?page_id=1027&amp;lang=de\">Innovationsseite<\/a> um mehr \u00fcber unsere Designmethodik und Technologien zu erfahren.<\/p>\n<p><a style=\"font-size: revert; letter-spacing: 0.025em;\" title=\"AlpTransit- Depot Sigirino, Canton Ticino\" href=\"https:\/\/www.girot.ch\/?project=alptransit-depot-sigirino-sbb&amp;lang=de\">&gt; Project &#8216;Sigirino Alptransit Depot&#8217;<\/a><\/p>\n<h3>CHRISTOPHE GIROT<\/h3>\n<p class=\"p1\">Christophe bringt in jedes Projekt die Erfahrung ein, die er als Leiter eines Designb\u00fcros gesammelt hat, und verf\u00fcgt parallel dazu \u00fcber jahrelange Erfahrung in der Forschung und Lehre im Bereich Landschaftsdesign an f\u00fchrenden Universit\u00e4ten.<\/p>\n<p><a title=\"3D Modelling Technology\" href=\"https:\/\/www.girot.ch\/?page_id=3712&amp;lang=de\" rel=\"noopener\">&gt; Christophe Girot<\/a><\/p>\n\n\n<p><\/p>\n","protected":false},"excerpt":{"rendered":"<p>Atelier Girot vereint vielf\u00e4ltige Talente und Erfahrungen aus den Bereichen Garten- und Landschaftsgestaltung, Landschaftsinfrastruktur und St\u00e4dtebau. 40 Jahre Expertise in Design, Topografie, Botanik und Wasserschutz bringen neue Formen \u00f6kologischer Anpassung hervor, die direkt auf den nat\u00fcrlichen Geist eines Ortes reagieren. Der Garten ist nicht nur der letzte R\u00fcckzugsort einer besonderen Verbundenheit mit der Natur, sondern&#8230;<\/p>\n","protected":false},"author":1,"featured_media":7058,"parent":0,"menu_order":0,"comment_status":"closed","ping_status":"closed","template":"","meta":{"footnotes":""},"class_list":["post-2645","page","type-page","status-publish","has-post-thumbnail","hentry","has-content"],"_links":{"self":[{"href":"https:\/\/www.girot.ch\/index.php?rest_route=\/wp\/v2\/pages\/2645","targetHints":{"allow":["GET"]}}],"collection":[{"href":"https:\/\/www.girot.ch\/index.php?rest_route=\/wp\/v2\/pages"}],"about":[{"href":"https:\/\/www.girot.ch\/index.php?rest_route=\/wp\/v2\/types\/page"}],"author":[{"embeddable":true,"href":"https:\/\/www.girot.ch\/index.php?rest_route=\/wp\/v2\/users\/1"}],"replies":[{"embeddable":true,"href":"https:\/\/www.girot.ch\/index.php?rest_route=%2Fwp%2Fv2%2Fcomments&post=2645"}],"version-history":[{"count":52,"href":"https:\/\/www.girot.ch\/index.php?rest_route=\/wp\/v2\/pages\/2645\/revisions"}],"predecessor-version":[{"id":7293,"href":"https:\/\/www.girot.ch\/index.php?rest_route=\/wp\/v2\/pages\/2645\/revisions\/7293"}],"wp:featuredmedia":[{"embeddable":true,"href":"https:\/\/www.girot.ch\/index.php?rest_route=\/wp\/v2\/media\/7058"}],"wp:attachment":[{"href":"https:\/\/www.girot.ch\/index.php?rest_route=%2Fwp%2Fv2%2Fmedia&parent=2645"}],"curies":[{"name":"wp","href":"https:\/\/api.w.org\/{rel}","templated":true}]}}