{"id":3038,"date":"2012-10-16T12:49:30","date_gmt":"2012-10-16T10:49:30","guid":{"rendered":"http:\/\/www.girot.ch\/index.php\/testpage\/"},"modified":"2025-06-23T09:29:06","modified_gmt":"2025-06-23T07:29:06","slug":"technology","status":"publish","type":"page","link":"https:\/\/www.girot.ch\/?page_id=3038&lang=fr","title":{"rendered":"Innovation &#8211; Point Cloud Modelisation 3D Technologie"},"content":{"rendered":"<p class=\"p1\">Vingt ans de recherche de pointe en mati\u00e8re d&#8217;innovation dans les outils num\u00e9riques et robotiques pour la conception, l&#8217;\u00e9valuation, l&#8217;it\u00e9ration d&#8217;options, la conception, la visualisation et la fabrication \u00e0 diff\u00e9rentes \u00e9chelles d&#8217;am\u00e9nagement paysager. Des outils et m\u00e9thodologies num\u00e9riques innovants et reconnus ont \u00e9t\u00e9 d\u00e9velopp\u00e9s et test\u00e9s dans le cadre de projets, au cours de 20 ans d&#8217;\u00e9tudes de cas doctorales.<\/p>\n<p class=\"p1\">L&#8217; Atelier Girot met \u00e0 disposition des experts pluridisciplinaires pour int\u00e9grer efficacement cette innovation au c\u0153ur d&#8217;un projet, par la topographie, l&#8217;optimisation et la r\u00e9solution des contraintes.<\/p>\n<p class=\"p1\">Gr\u00e2ce \u00e0 l&#8217;utilisation d&#8217;outils de mod\u00e9lisation 3D et de technologies SIG (nuages \u200b\u200bde points), notre bureau peut produire des mod\u00e8les pr\u00e9cis et inform\u00e9s d&#8217;un projet paysager. Chacun de ces outils facilite la compr\u00e9hension des dynamiques complexes du paysage au fil du temps, permettant ainsi le d\u00e9veloppement d&#8217;un large \u00e9ventail de variantes et de visualisations.<\/p>\n<p class=\"p1\">Ces innovations nous permettent de travailler en \u00e9troite collaboration avec les ing\u00e9nieurs \u00e0 l&#8217;\u00e9chelle territoriale sur le d\u00e9veloppement, la conception et la communication de la conception.<\/p>\n<p>Nos competences:<\/p>\n<p class=\"p1\">\u2022 Analyse et impact du site<\/p>\n<p class=\"p1\">\u2022 Visualisation du paysage<\/p>\n<p class=\"p1\">\u2022 D\u00e9finition et optimisation topologiques<\/p>\n<p class=\"p1\">\u2022 Analyse volum\u00e9trique et calcul de cubature<\/p>\n<p class=\"p1\">\u2022 Nivellement, drainage, gestion de l&#8217;eau<\/p>\n<p class=\"p1\">\u2022 Mise en \u0153uvre de la conception, int\u00e9gration, plantation<\/p>\n","protected":false},"excerpt":{"rendered":"<p>Vingt ans de recherche de pointe en mati\u00e8re d&#8217;innovation dans les outils num\u00e9riques et robotiques pour la conception, l&#8217;\u00e9valuation, l&#8217;it\u00e9ration d&#8217;options, la conception, la visualisation et la fabrication \u00e0 diff\u00e9rentes \u00e9chelles d&#8217;am\u00e9nagement paysager. Des outils et m\u00e9thodologies num\u00e9riques innovants et reconnus ont \u00e9t\u00e9 d\u00e9velopp\u00e9s et test\u00e9s dans le cadre de projets, au cours de 20&#8230;<\/p>\n","protected":false},"author":1,"featured_media":7094,"parent":3690,"menu_order":0,"comment_status":"closed","ping_status":"closed","template":"","meta":{"footnotes":""},"class_list":["post-3038","page","type-page","status-publish","has-post-thumbnail","hentry","has-content"],"_links":{"self":[{"href":"https:\/\/www.girot.ch\/index.php?rest_route=\/wp\/v2\/pages\/3038","targetHints":{"allow":["GET"]}}],"collection":[{"href":"https:\/\/www.girot.ch\/index.php?rest_route=\/wp\/v2\/pages"}],"about":[{"href":"https:\/\/www.girot.ch\/index.php?rest_route=\/wp\/v2\/types\/page"}],"author":[{"embeddable":true,"href":"https:\/\/www.girot.ch\/index.php?rest_route=\/wp\/v2\/users\/1"}],"replies":[{"embeddable":true,"href":"https:\/\/www.girot.ch\/index.php?rest_route=%2Fwp%2Fv2%2Fcomments&post=3038"}],"version-history":[{"count":36,"href":"https:\/\/www.girot.ch\/index.php?rest_route=\/wp\/v2\/pages\/3038\/revisions"}],"predecessor-version":[{"id":7227,"href":"https:\/\/www.girot.ch\/index.php?rest_route=\/wp\/v2\/pages\/3038\/revisions\/7227"}],"up":[{"embeddable":true,"href":"https:\/\/www.girot.ch\/index.php?rest_route=\/wp\/v2\/pages\/3690"}],"wp:featuredmedia":[{"embeddable":true,"href":"https:\/\/www.girot.ch\/index.php?rest_route=\/wp\/v2\/media\/7094"}],"wp:attachment":[{"href":"https:\/\/www.girot.ch\/index.php?rest_route=%2Fwp%2Fv2%2Fmedia&parent=3038"}],"curies":[{"name":"wp","href":"https:\/\/api.w.org\/{rel}","templated":true}]}}