{"id":3690,"date":"2012-11-25T15:03:07","date_gmt":"2012-11-25T13:03:07","guid":{"rendered":"http:\/\/www.girot.ch\/index.php\/services-2\/"},"modified":"2025-06-23T10:51:48","modified_gmt":"2025-06-23T08:51:48","slug":"services","status":"publish","type":"page","link":"https:\/\/www.girot.ch\/?page_id=3690&lang=fr","title":{"rendered":"Services &amp; Expertise"},"content":{"rendered":"<h3><\/h3>\n<p class=\"p1\">Notre expertise s&#8217;int\u00e8gre aux projets \u00e0 toutes les \u00e9tapes de leur conception. Chaque projet suit un processus de d\u00e9veloppement allant de la conception et du d\u00e9veloppement pr\u00e9liminaires \u00e0 la gestion finale des travaux. Toutes les \u00e9tapes sont soumises \u00e0 un processus de contr\u00f4le et d&#8217;approbation de la conception au sein d&#8217;une \u00e9quipe d&#8217;experts \u00e9largie.<\/p>\n<p class=\"p1\">Nos comp\u00e9tences couvrent diverses \u00e9chelles territoriales\u00a0: \u00e9tudes et strat\u00e9gies de projet, am\u00e9nagement paysager, analyse et conception topologiques, d\u00e9veloppement de conception \u00e9cologique et durable, gestion de l&#8217;eau, outils de mod\u00e9lisation 3D et prototypage rapide, outils de visualisation et de pr\u00e9sentation 3D, vid\u00e9o et animation, conseil et expertise projet.<\/p>\n<p class=\"p1\">Dans un contexte de pr\u00e9occupation croissante pour la qualit\u00e9 de l&#8217;environnement, de nouveaux param\u00e8tres paysagers ont \u00e9t\u00e9 ajout\u00e9s \u00e0 chaque \u00e9tape du d\u00e9veloppement des projets. Les projets paysagers de grande envergure, impactant des zones sensibles, r\u00e9pondent \u00e0 des exigences de plus en plus complexes, influen\u00e7ant directement la faisabilit\u00e9 et les d\u00e9lais de production. Dans ce contexte, les projets d&#8217;ing\u00e9nierie territoriale peuvent grandement b\u00e9n\u00e9ficier d&#8217;un partenaire ind\u00e9pendant dot\u00e9 d&#8217;une expertise reconnue en architecture paysag\u00e8re, capable de concevoir des solutions innovantes.<\/p>\n","protected":false},"excerpt":{"rendered":"<p>Notre expertise s&#8217;int\u00e8gre aux projets \u00e0 toutes les \u00e9tapes de leur conception. Chaque projet suit un processus de d\u00e9veloppement allant de la conception et du d\u00e9veloppement pr\u00e9liminaires \u00e0 la gestion finale des travaux. Toutes les \u00e9tapes sont soumises \u00e0 un processus de contr\u00f4le et d&#8217;approbation de la conception au sein d&#8217;une \u00e9quipe d&#8217;experts \u00e9largie. Nos&#8230;<\/p>\n","protected":false},"author":1,"featured_media":6447,"parent":0,"menu_order":0,"comment_status":"closed","ping_status":"closed","template":"","meta":{"footnotes":""},"class_list":["post-3690","page","type-page","status-publish","has-post-thumbnail","hentry","has-content"],"_links":{"self":[{"href":"https:\/\/www.girot.ch\/index.php?rest_route=\/wp\/v2\/pages\/3690","targetHints":{"allow":["GET"]}}],"collection":[{"href":"https:\/\/www.girot.ch\/index.php?rest_route=\/wp\/v2\/pages"}],"about":[{"href":"https:\/\/www.girot.ch\/index.php?rest_route=\/wp\/v2\/types\/page"}],"author":[{"embeddable":true,"href":"https:\/\/www.girot.ch\/index.php?rest_route=\/wp\/v2\/users\/1"}],"replies":[{"embeddable":true,"href":"https:\/\/www.girot.ch\/index.php?rest_route=%2Fwp%2Fv2%2Fcomments&post=3690"}],"version-history":[{"count":23,"href":"https:\/\/www.girot.ch\/index.php?rest_route=\/wp\/v2\/pages\/3690\/revisions"}],"predecessor-version":[{"id":7252,"href":"https:\/\/www.girot.ch\/index.php?rest_route=\/wp\/v2\/pages\/3690\/revisions\/7252"}],"wp:featuredmedia":[{"embeddable":true,"href":"https:\/\/www.girot.ch\/index.php?rest_route=\/wp\/v2\/media\/6447"}],"wp:attachment":[{"href":"https:\/\/www.girot.ch\/index.php?rest_route=%2Fwp%2Fv2%2Fmedia&parent=3690"}],"curies":[{"name":"wp","href":"https:\/\/api.w.org\/{rel}","templated":true}]}}