{"id":3691,"date":"2012-11-25T15:03:07","date_gmt":"2012-11-25T13:03:07","guid":{"rendered":"http:\/\/www.girot.ch\/index.php\/services-2\/"},"modified":"2025-11-28T12:21:19","modified_gmt":"2025-11-28T10:21:19","slug":"services-de","status":"publish","type":"page","link":"https:\/\/www.girot.ch\/?page_id=3691&lang=de","title":{"rendered":"Services &amp; Kompetenz"},"content":{"rendered":"<h3><\/h3>\n<p class=\"p1\">Unsere Expertise flie\u00dft in alle Planungsphasen in die Projekte ein. Jedes Projekt durchl\u00e4uft einen Entwicklungsverlauf, der von der fr\u00fchen Entwurfs- und Entwicklungsphase bis zur endg\u00fcltigen Bauleitung reicht. Alle Phasen durchlaufen einen Planungskontroll- und Genehmigungsprozess innerhalb eines gr\u00f6\u00dferen Expertenteams.<\/p>\n<p class=\"p1\">Unsere Kompetenzen erstrecken sich \u00fcber unterschiedliche Gebietsgr\u00f6\u00dfen: Projektstudien und -strategien, Landschaftsgestaltung, topologische Analyse und Gestaltung, \u00f6kologische und nachhaltige Designentwicklung, Wassermanagement, 3D-Modellierungstools und Rapid Prototyping, 3D-Visualisierungs- und Pr\u00e4sentationstools, Video und Animation, Beratung und Projektexpertise.<\/p>\n<p class=\"p1\">Im Kontext der zunehmenden Sorge um die Qualit\u00e4t der menschlichen Umwelt werden in jeder Phase der Projektentwicklung neue Landschaftsparameter ber\u00fccksichtigt. Gro\u00dfe Landschaftsprojekte, die sensible Gebiete betreffen, unterliegen zunehmend komplexen Anforderungen, die sich direkt auf die Machbarkeit und die Produktionspl\u00e4ne auswirken. In diesem Zusammenhang k\u00f6nnen territoriale Ingenieurprojekte von einem unabh\u00e4ngigen Partner mit anerkannter Expertise in der Landschaftsarchitektur profitieren, der innovative L\u00f6sungen entwickeln kann.<\/p>\n","protected":false},"excerpt":{"rendered":"<p>Unsere Expertise flie\u00dft in alle Planungsphasen in die Projekte ein. Jedes Projekt durchl\u00e4uft einen Entwicklungsverlauf, der von der fr\u00fchen Entwurfs- und Entwicklungsphase bis zur endg\u00fcltigen Bauleitung reicht. Alle Phasen durchlaufen einen Planungskontroll- und Genehmigungsprozess innerhalb eines gr\u00f6\u00dferen Expertenteams. Unsere Kompetenzen erstrecken sich \u00fcber unterschiedliche Gebietsgr\u00f6\u00dfen: Projektstudien und -strategien, Landschaftsgestaltung, topologische Analyse und Gestaltung, \u00f6kologische und&#8230;<\/p>\n","protected":false},"author":1,"featured_media":6448,"parent":0,"menu_order":0,"comment_status":"closed","ping_status":"closed","template":"","meta":{"footnotes":""},"class_list":["post-3691","page","type-page","status-publish","has-post-thumbnail","hentry","has-content"],"_links":{"self":[{"href":"https:\/\/www.girot.ch\/index.php?rest_route=\/wp\/v2\/pages\/3691","targetHints":{"allow":["GET"]}}],"collection":[{"href":"https:\/\/www.girot.ch\/index.php?rest_route=\/wp\/v2\/pages"}],"about":[{"href":"https:\/\/www.girot.ch\/index.php?rest_route=\/wp\/v2\/types\/page"}],"author":[{"embeddable":true,"href":"https:\/\/www.girot.ch\/index.php?rest_route=\/wp\/v2\/users\/1"}],"replies":[{"embeddable":true,"href":"https:\/\/www.girot.ch\/index.php?rest_route=%2Fwp%2Fv2%2Fcomments&post=3691"}],"version-history":[{"count":16,"href":"https:\/\/www.girot.ch\/index.php?rest_route=\/wp\/v2\/pages\/3691\/revisions"}],"predecessor-version":[{"id":7254,"href":"https:\/\/www.girot.ch\/index.php?rest_route=\/wp\/v2\/pages\/3691\/revisions\/7254"}],"wp:featuredmedia":[{"embeddable":true,"href":"https:\/\/www.girot.ch\/index.php?rest_route=\/wp\/v2\/media\/6448"}],"wp:attachment":[{"href":"https:\/\/www.girot.ch\/index.php?rest_route=%2Fwp%2Fv2%2Fmedia&parent=3691"}],"curies":[{"name":"wp","href":"https:\/\/api.w.org\/{rel}","templated":true}]}}