{"id":3707,"date":"2012-11-25T14:59:35","date_gmt":"2012-11-25T12:59:35","guid":{"rendered":"http:\/\/www.girot.ch\/index.php\/profile-2\/"},"modified":"2025-06-23T10:56:34","modified_gmt":"2025-06-23T08:56:34","slug":"profile","status":"publish","type":"page","link":"https:\/\/www.girot.ch\/?page_id=3707&lang=fr","title":{"rendered":"Profil"},"content":{"rendered":"<h3>Atelier Girot<\/h3>\n<p>Christophe Girot travaille dans le domaine du paysage \u00e0 un niveau international depuis 1986 &amp; \u00e0 Zurich depuis 2001. Gr\u00e2ce \u00e0 un maillage de comp\u00e9tences, l\u2019Atelier Girot s\u2019est positionn\u00e9 comme un interlocuteur internationalement recherch\u00e9.<\/p>\n<p>Nous travaillons \u00e0 diverses \u00e9chelles, de l\u2019am\u00e9nagement du jardin \u00e0 celui de la ville et du territoire.<\/p>\n<p>Cette variation d\u2019\u00e9chelles demande l\u2019utilisation d\u2019outils de conception et de visualisation de pointe pour cr\u00e9er des solutions de conception innovantes. Vingt-cinq ans d\u2019exp\u00e9rience engag\u00e9s \u00e0 concevoir &amp; cr\u00e9er une nouvelle expression de la nature en phase avec notre \u00e9poque, ses d\u00e9fis et ses besoins.<\/p>\n<p><a title=\"\" href=\"http:\/\/www.girot.ch\/wp-content\/uploads\/2017\/10\/2017_OfficeProfileFR.pdf\" target=\"_blank\" rel=\"noopener\" data-wplink-edit=\"true\">&gt; T\u00e9l\u00e9chargez ici le profil de l&#8217;agence<\/a><\/p>\n","protected":false},"excerpt":{"rendered":"<p>Atelier Girot Christophe Girot travaille dans le domaine du paysage \u00e0 un niveau international depuis 1986 &amp; \u00e0 Zurich depuis 2001. Gr\u00e2ce \u00e0 un maillage de comp\u00e9tences, l\u2019Atelier Girot s\u2019est positionn\u00e9 comme un interlocuteur internationalement recherch\u00e9. Nous travaillons \u00e0 diverses \u00e9chelles, de l\u2019am\u00e9nagement du jardin \u00e0 celui de la ville et du territoire. Cette variation&#8230;<\/p>\n","protected":false},"author":1,"featured_media":7041,"parent":0,"menu_order":0,"comment_status":"closed","ping_status":"closed","template":"","meta":{"footnotes":""},"class_list":["post-3707","page","type-page","status-publish","has-post-thumbnail","hentry","has-content"],"_links":{"self":[{"href":"https:\/\/www.girot.ch\/index.php?rest_route=\/wp\/v2\/pages\/3707","targetHints":{"allow":["GET"]}}],"collection":[{"href":"https:\/\/www.girot.ch\/index.php?rest_route=\/wp\/v2\/pages"}],"about":[{"href":"https:\/\/www.girot.ch\/index.php?rest_route=\/wp\/v2\/types\/page"}],"author":[{"embeddable":true,"href":"https:\/\/www.girot.ch\/index.php?rest_route=\/wp\/v2\/users\/1"}],"replies":[{"embeddable":true,"href":"https:\/\/www.girot.ch\/index.php?rest_route=%2Fwp%2Fv2%2Fcomments&post=3707"}],"version-history":[{"count":16,"href":"https:\/\/www.girot.ch\/index.php?rest_route=\/wp\/v2\/pages\/3707\/revisions"}],"predecessor-version":[{"id":7258,"href":"https:\/\/www.girot.ch\/index.php?rest_route=\/wp\/v2\/pages\/3707\/revisions\/7258"}],"wp:featuredmedia":[{"embeddable":true,"href":"https:\/\/www.girot.ch\/index.php?rest_route=\/wp\/v2\/media\/7041"}],"wp:attachment":[{"href":"https:\/\/www.girot.ch\/index.php?rest_route=%2Fwp%2Fv2%2Fmedia&parent=3707"}],"curies":[{"name":"wp","href":"https:\/\/api.w.org\/{rel}","templated":true}]}}