{"id":3708,"date":"2012-11-25T14:59:35","date_gmt":"2012-11-25T12:59:35","guid":{"rendered":"http:\/\/www.girot.ch\/index.php\/profile-2\/"},"modified":"2025-11-28T12:20:36","modified_gmt":"2025-11-28T10:20:36","slug":"profil","status":"publish","type":"page","link":"https:\/\/www.girot.ch\/?page_id=3708&lang=de","title":{"rendered":"Profil"},"content":{"rendered":"<h3>Atelier Girot<\/h3>\n<p>Christophe Girot ist seit 1986 international t\u00e4tig, seit 2001 mit Sitz in Z\u00fcrich. Dank der Vereinigung umfassender Kompetenzen ist das Atelier Girot zu einem international gefragten Ansprechpartner ge- worden.<\/p>\n<p>Wir arbeiten in unterschiedlichsten Gr\u00f6\u00dfenordnungen, von der kleinr\u00e4umigen Gartenge- staltung bis zu umfassenden st\u00e4dtebaulichen und landschaftsgestalterischen Projekten.<\/p>\n<p>Diese enorme Bandbreite verlangt den Einsatz fortschrittlichster georeferenzierter Design- und Visual- isierungstechnologien zur Entwicklung innovativer L\u00f6sungen. Wir verf\u00fcgen \u00fcber 25 Jahre Erfahrung in der Planung und Realisation neuer Formen der Naturg- estaltung, die mit unserer Zeit und ihren Bed\u00fcrfnissen und Anforderungen im Einklang stehen.<\/p>\n<p><a title=\"\" href=\"http:\/\/www.girot.ch\/wp-content\/uploads\/2017\/10\/2017_OfficeProfileDE.pdf\" target=\"_blank\" rel=\"noopener\">&gt; Herunterladen Sie hier auf das Profil des B\u00fcros <\/a><\/p>\n","protected":false},"excerpt":{"rendered":"<p>Atelier Girot Christophe Girot ist seit 1986 international t\u00e4tig, seit 2001 mit Sitz in Z\u00fcrich. Dank der Vereinigung umfassender Kompetenzen ist das Atelier Girot zu einem international gefragten Ansprechpartner ge- worden. Wir arbeiten in unterschiedlichsten Gr\u00f6\u00dfenordnungen, von der kleinr\u00e4umigen Gartenge- staltung bis zu umfassenden st\u00e4dtebaulichen und landschaftsgestalterischen Projekten. Diese enorme Bandbreite verlangt den Einsatz fortschrittlichster&#8230;<\/p>\n","protected":false},"author":1,"featured_media":7042,"parent":0,"menu_order":0,"comment_status":"closed","ping_status":"closed","template":"","meta":{"footnotes":""},"class_list":["post-3708","page","type-page","status-publish","has-post-thumbnail","hentry","has-content"],"_links":{"self":[{"href":"https:\/\/www.girot.ch\/index.php?rest_route=\/wp\/v2\/pages\/3708","targetHints":{"allow":["GET"]}}],"collection":[{"href":"https:\/\/www.girot.ch\/index.php?rest_route=\/wp\/v2\/pages"}],"about":[{"href":"https:\/\/www.girot.ch\/index.php?rest_route=\/wp\/v2\/types\/page"}],"author":[{"embeddable":true,"href":"https:\/\/www.girot.ch\/index.php?rest_route=\/wp\/v2\/users\/1"}],"replies":[{"embeddable":true,"href":"https:\/\/www.girot.ch\/index.php?rest_route=%2Fwp%2Fv2%2Fcomments&post=3708"}],"version-history":[{"count":19,"href":"https:\/\/www.girot.ch\/index.php?rest_route=\/wp\/v2\/pages\/3708\/revisions"}],"predecessor-version":[{"id":7255,"href":"https:\/\/www.girot.ch\/index.php?rest_route=\/wp\/v2\/pages\/3708\/revisions\/7255"}],"wp:featuredmedia":[{"embeddable":true,"href":"https:\/\/www.girot.ch\/index.php?rest_route=\/wp\/v2\/media\/7042"}],"wp:attachment":[{"href":"https:\/\/www.girot.ch\/index.php?rest_route=%2Fwp%2Fv2%2Fmedia&parent=3708"}],"curies":[{"name":"wp","href":"https:\/\/api.w.org\/{rel}","templated":true}]}}