{"id":3711,"date":"2012-12-18T10:56:48","date_gmt":"2012-12-18T08:56:48","guid":{"rendered":"http:\/\/www.girot.ch\/index.php\/profile\/cg\/"},"modified":"2025-06-22T12:12:22","modified_gmt":"2025-06-22T10:12:22","slug":"cg","status":"publish","type":"page","link":"https:\/\/www.girot.ch\/?page_id=3711&lang=fr","title":{"rendered":"Christophe Girot"},"content":{"rendered":"<h3>Christophe Girot<\/h3>\n<p>N\u00e9 \u00e0 Paris, form\u00e9 au Royaume-Uni et aux \u00c9tats-Unis, Christophe Girot \u00e0 fond\u00e9 son atelier de paysage en 1986 \u00e0 Paris. En 2001, l\u2019enseignement l\u2019appela \u00e0 la Ecole Polytechnique Federal de Zurich (ETHZ) , d\u00e9partement d&#8217;Architecture. <a href=\"https:\/\/ethz.ch\/en\/news-and-events\/eth-news\/news\/2023\/01\/the-man-who-thinks-big.html\">Professeur emeritus en 2023.<\/a> En 2001, il fonda Atelier Girot. Nombre de ses projets ont \u00e9t\u00e9 expos\u00e9s &amp; publi\u00e9s, notamment \u00e0 l\u2019exposition Groundswell au MoMA, New-York, \u00e0 Harvard ainsi qu\u2019\u00e0 Essen en Allemagne. Laur\u00e9at de nombreux concours &amp; prix d\u2019excellence, il a con\u00e7u le plan directeur du Central Campus \u00e0 Zurich.<\/p>\n<p class=\"p2\">Gr\u00e2ce aux projets r\u00e9alis\u00e9s par son bureau d&#8217;\u00e9tudes et \u00e0 son r\u00f4le \u00e0 l&#8217;ETH, il est un expert reconnu des technologies de pointe pour les applications terrain dans l&#8217;am\u00e9nagement paysager \u00e0 grande \u00e9chelle. Laur\u00e9at de nombreux concours et prix d&#8217;excellence, il a r\u00e9alis\u00e9 le plan directeur du campus central de Zurich et un grand projet topographique pour l&#8217;entreprise suisse d&#8217;ing\u00e9nierie de tunnels AlpTransit au Tessin. Il est un partenaire efficace pour l&#8217;acceptation des projets par les autorit\u00e9s politiques et publiques.<\/p>\n<p class=\"p2\">Ses projets ont \u00e9t\u00e9 largement publi\u00e9s et expos\u00e9s, notamment \u00e0 l&#8217;exposition Groundswell au MoMA, \u00e0 Harvard et \u00e0 Essen, en Allemagne.<\/p>\n","protected":false},"excerpt":{"rendered":"<p>Christophe Girot N\u00e9 \u00e0 Paris, form\u00e9 au Royaume-Uni et aux \u00c9tats-Unis, Christophe Girot \u00e0 fond\u00e9 son atelier de paysage en 1986 \u00e0 Paris. En 2001, l\u2019enseignement l\u2019appela \u00e0 la Ecole Polytechnique Federal de Zurich (ETHZ) , d\u00e9partement d&#8217;Architecture. Professeur emeritus en 2023. En 2001, il fonda Atelier Girot. Nombre de ses projets ont \u00e9t\u00e9 expos\u00e9s&#8230;<\/p>\n","protected":false},"author":1,"featured_media":7089,"parent":3707,"menu_order":0,"comment_status":"closed","ping_status":"closed","template":"","meta":{"footnotes":""},"class_list":["post-3711","page","type-page","status-publish","has-post-thumbnail","hentry","has-content"],"_links":{"self":[{"href":"https:\/\/www.girot.ch\/index.php?rest_route=\/wp\/v2\/pages\/3711","targetHints":{"allow":["GET"]}}],"collection":[{"href":"https:\/\/www.girot.ch\/index.php?rest_route=\/wp\/v2\/pages"}],"about":[{"href":"https:\/\/www.girot.ch\/index.php?rest_route=\/wp\/v2\/types\/page"}],"author":[{"embeddable":true,"href":"https:\/\/www.girot.ch\/index.php?rest_route=\/wp\/v2\/users\/1"}],"replies":[{"embeddable":true,"href":"https:\/\/www.girot.ch\/index.php?rest_route=%2Fwp%2Fv2%2Fcomments&post=3711"}],"version-history":[{"count":12,"href":"https:\/\/www.girot.ch\/index.php?rest_route=\/wp\/v2\/pages\/3711\/revisions"}],"predecessor-version":[{"id":7159,"href":"https:\/\/www.girot.ch\/index.php?rest_route=\/wp\/v2\/pages\/3711\/revisions\/7159"}],"up":[{"embeddable":true,"href":"https:\/\/www.girot.ch\/index.php?rest_route=\/wp\/v2\/pages\/3707"}],"wp:featuredmedia":[{"embeddable":true,"href":"https:\/\/www.girot.ch\/index.php?rest_route=\/wp\/v2\/media\/7089"}],"wp:attachment":[{"href":"https:\/\/www.girot.ch\/index.php?rest_route=%2Fwp%2Fv2%2Fmedia&parent=3711"}],"curies":[{"name":"wp","href":"https:\/\/api.w.org\/{rel}","templated":true}]}}