{"id":3727,"date":"2013-03-19T10:03:56","date_gmt":"2013-03-19T08:03:56","guid":{"rendered":"http:\/\/www.girot.ch\/index.php\/services\/mediation\/"},"modified":"2025-06-22T12:45:51","modified_gmt":"2025-06-22T10:45:51","slug":"prototyping","status":"publish","type":"page","link":"https:\/\/www.girot.ch\/?page_id=3727&lang=fr","title":{"rendered":"Sand Modeling &amp; Prototypage"},"content":{"rendered":"<p class=\"p1\">La mod\u00e9lisation topologique du sable et le prototypage constituent la base de tout processus de conception. Nos conceptions sont test\u00e9es sur des mod\u00e8les de sable pr\u00e9cis form\u00e9s par CNC, puis transf\u00e9r\u00e9es en mod\u00e8les 3D par photogramm\u00e9trie pour analyse. Les op\u00e9rations de conception \u2013 ajouts et soustractions \u2013 appliqu\u00e9es au paysage existant peuvent \u00eatre compens\u00e9es localement, minimisant ainsi le transport de mat\u00e9riaux. En atelier, la mod\u00e9lisation physique alterne avec l&#8217;analyse num\u00e9rique pour d\u00e9velopper des structures paysag\u00e8res tangibles et pr\u00e9cises. Tout au long du processus de conception, divers prototypes sont g\u00e9n\u00e9r\u00e9s par fraisage CNC afin de valider la conception et de pr\u00e9senter la r\u00e9alisation au client.<\/p>\n<p>Nos competences:<\/p>\n<p class=\"p1\">\u2022 Mod\u00e8les initiaux du site<\/p>\n<p class=\"p1\">\u2022 Strat\u00e9gies et propositions topologiques<\/p>\n<p class=\"p1\">\u2022 Mod\u00e9lisation volum\u00e9trique du sable<\/p>\n<p class=\"p1\">\u2022 Calcul de la cubature<\/p>\n<p class=\"p1\">\u2022 D\u00e9finition et optimisation topologiques<\/p>\n<p class=\"p1\">\u2022 Impact et analyse du site<\/p>\n<p class=\"p1\">\u2022 Nivellement, drainage, gestion de l&#8217;eau<\/p>\n<p class=\"p1\">\u2022 Pr\u00e9sentations des mod\u00e8les<\/p>\n","protected":false},"excerpt":{"rendered":"<p>La mod\u00e9lisation topologique du sable et le prototypage constituent la base de tout processus de conception. Nos conceptions sont test\u00e9es sur des mod\u00e8les de sable pr\u00e9cis form\u00e9s par CNC, puis transf\u00e9r\u00e9es en mod\u00e8les 3D par photogramm\u00e9trie pour analyse. Les op\u00e9rations de conception \u2013 ajouts et soustractions \u2013 appliqu\u00e9es au paysage existant peuvent \u00eatre compens\u00e9es localement,&#8230;<\/p>\n","protected":false},"author":1,"featured_media":6515,"parent":3690,"menu_order":0,"comment_status":"closed","ping_status":"closed","template":"","meta":{"footnotes":""},"class_list":["post-3727","page","type-page","status-publish","has-post-thumbnail","hentry","has-content"],"_links":{"self":[{"href":"https:\/\/www.girot.ch\/index.php?rest_route=\/wp\/v2\/pages\/3727","targetHints":{"allow":["GET"]}}],"collection":[{"href":"https:\/\/www.girot.ch\/index.php?rest_route=\/wp\/v2\/pages"}],"about":[{"href":"https:\/\/www.girot.ch\/index.php?rest_route=\/wp\/v2\/types\/page"}],"author":[{"embeddable":true,"href":"https:\/\/www.girot.ch\/index.php?rest_route=\/wp\/v2\/users\/1"}],"replies":[{"embeddable":true,"href":"https:\/\/www.girot.ch\/index.php?rest_route=%2Fwp%2Fv2%2Fcomments&post=3727"}],"version-history":[{"count":12,"href":"https:\/\/www.girot.ch\/index.php?rest_route=\/wp\/v2\/pages\/3727\/revisions"}],"predecessor-version":[{"id":7197,"href":"https:\/\/www.girot.ch\/index.php?rest_route=\/wp\/v2\/pages\/3727\/revisions\/7197"}],"up":[{"embeddable":true,"href":"https:\/\/www.girot.ch\/index.php?rest_route=\/wp\/v2\/pages\/3690"}],"wp:featuredmedia":[{"embeddable":true,"href":"https:\/\/www.girot.ch\/index.php?rest_route=\/wp\/v2\/media\/6515"}],"wp:attachment":[{"href":"https:\/\/www.girot.ch\/index.php?rest_route=%2Fwp%2Fv2%2Fmedia&parent=3727"}],"curies":[{"name":"wp","href":"https:\/\/api.w.org\/{rel}","templated":true}]}}