{"id":3728,"date":"2013-03-19T10:03:56","date_gmt":"2013-03-19T08:03:56","guid":{"rendered":"http:\/\/www.girot.ch\/index.php\/services\/mediation\/"},"modified":"2025-11-28T12:21:34","modified_gmt":"2025-11-28T10:21:34","slug":"prototyping-de","status":"publish","type":"page","link":"https:\/\/www.girot.ch\/?page_id=3728&lang=de","title":{"rendered":"Sandmodellierung &amp; Prototyping"},"content":{"rendered":"<p class=\"p1\">Topologische Sandmodellierung und Prototyping bilden die Grundlage jedes Designprozesses. Unsere Entw\u00fcrfe werden an pr\u00e4zisen CNC-geformten Sandmodellen getestet und mittels Photogrammetrie in 3D-Modelle zur Analyse \u00fcbertragen. Gestaltungsoperationen \u2013 Additionen und Subtraktionen \u2013 an der bestehenden Landschaft k\u00f6nnen vor Ort kompensiert werden, wodurch der Materialtransport minimiert wird. Im Atelier wechseln sich physische Modellierung und digitale Analyse ab, um greifbare und pr\u00e4zise Landschaftsstrukturen zu entwickeln. W\u00e4hrend des gesamten Designprozesses werden verschiedene Prototypen mit CNC-Fr\u00e4stechnologie erstellt, um den Entwurf zu verifizieren und dem Kunden die Umsetzung zu pr\u00e4sentieren.<\/p>\n<p>Unsere Kompetenzen:<\/p>\n<p class=\"p1\">\u2022 Erste Standortmodelle<\/p>\n<p class=\"p1\">\u2022 Topologische Strategien und Vorschl\u00e4ge<\/p>\n<p class=\"p1\">\u2022 Volumetrische Sandmodellierung<\/p>\n<p class=\"p1\">\u2022 Kubaturberechnung<\/p>\n<p class=\"p1\">\u2022 Topologische Definition und Optimierung<\/p>\n<p class=\"p1\">\u2022 Standortauswirkungen und -analyse<\/p>\n<p class=\"p1\">\u2022 Planierung, Entw\u00e4sserung, Wassermanagement<\/p>\n<p class=\"p1\">\u2022 Modellpr\u00e4sentationen<\/p>\n","protected":false},"excerpt":{"rendered":"<p>Topologische Sandmodellierung und Prototyping bilden die Grundlage jedes Designprozesses. Unsere Entw\u00fcrfe werden an pr\u00e4zisen CNC-geformten Sandmodellen getestet und mittels Photogrammetrie in 3D-Modelle zur Analyse \u00fcbertragen. Gestaltungsoperationen \u2013 Additionen und Subtraktionen \u2013 an der bestehenden Landschaft k\u00f6nnen vor Ort kompensiert werden, wodurch der Materialtransport minimiert wird. Im Atelier wechseln sich physische Modellierung und digitale Analyse ab,&#8230;<\/p>\n","protected":false},"author":1,"featured_media":6516,"parent":3691,"menu_order":0,"comment_status":"closed","ping_status":"closed","template":"","meta":{"footnotes":""},"class_list":["post-3728","page","type-page","status-publish","has-post-thumbnail","hentry","has-content"],"_links":{"self":[{"href":"https:\/\/www.girot.ch\/index.php?rest_route=\/wp\/v2\/pages\/3728","targetHints":{"allow":["GET"]}}],"collection":[{"href":"https:\/\/www.girot.ch\/index.php?rest_route=\/wp\/v2\/pages"}],"about":[{"href":"https:\/\/www.girot.ch\/index.php?rest_route=\/wp\/v2\/types\/page"}],"author":[{"embeddable":true,"href":"https:\/\/www.girot.ch\/index.php?rest_route=\/wp\/v2\/users\/1"}],"replies":[{"embeddable":true,"href":"https:\/\/www.girot.ch\/index.php?rest_route=%2Fwp%2Fv2%2Fcomments&post=3728"}],"version-history":[{"count":19,"href":"https:\/\/www.girot.ch\/index.php?rest_route=\/wp\/v2\/pages\/3728\/revisions"}],"predecessor-version":[{"id":7196,"href":"https:\/\/www.girot.ch\/index.php?rest_route=\/wp\/v2\/pages\/3728\/revisions\/7196"}],"up":[{"embeddable":true,"href":"https:\/\/www.girot.ch\/index.php?rest_route=\/wp\/v2\/pages\/3691"}],"wp:featuredmedia":[{"embeddable":true,"href":"https:\/\/www.girot.ch\/index.php?rest_route=\/wp\/v2\/media\/6516"}],"wp:attachment":[{"href":"https:\/\/www.girot.ch\/index.php?rest_route=%2Fwp%2Fv2%2Fmedia&parent=3728"}],"curies":[{"name":"wp","href":"https:\/\/api.w.org\/{rel}","templated":true}]}}