{"id":3730,"date":"2012-12-18T10:56:18","date_gmt":"2012-12-18T08:56:18","guid":{"rendered":"http:\/\/www.girot.ch\/index.php\/services\/video-media\/"},"modified":"2025-11-28T12:19:58","modified_gmt":"2025-11-28T10:19:58","slug":"video-media-fr","status":"publish","type":"page","link":"https:\/\/www.girot.ch\/?page_id=3730&lang=fr","title":{"rendered":"Video &#038; Media"},"content":{"rendered":"<p><video poster=\"http:\/\/www.girot.ch\/wp-content\/uploads\/2013\/04\/poster_sigirino_video.jpg\" preload=\"none\" autoplay=\"autoplay\" controls=\"controls\" width=\"950\" height=\"450\"><source src=\"http:\/\/www.girot.ch\/wp-content\/uploads\/2013\/04\/950x425_19mb_Atelier-Girot_web.mp4\" type=\"video\/mp4\" \/><source src=\"http:\/\/www.girot.ch\/wp-content\/uploads\/2013\/04\/950x425_19mb_Atelier-Girot_web.theora.ogv\" type=\"video\/ogg\" \/><\/video><br \/>\n^ 2013 Sigirino Survey &#8211; En collaboration avec LVML &#8211; ETH Z\u00fcrich<\/p>\n<h3>Video &amp; Media<\/h3>\n<p>D\u2019une mani\u00e8re simple &amp; franche, la vid\u00e9o comme outil d\u2019analyse offre un autre regard sur les paysages, saisissant des th\u00e8mes difficiles \u00e0 appr\u00e9hender comme le temps, l\u2019\u00e9rosion et les mouvements. L\u2019analyse vid\u00e9o est le point de d\u00e9part d\u2019un questionnement sur la nature urbaine et les comportements de l\u2019homme dans son environnement imm\u00e9diat.<\/p>\n<p>Nos comp\u00e9tences:<\/p>\n<p>\u2022 analyse de site &amp; impact<br \/>\n\u2022 strat\u00e9gies de projet &amp; conception<br \/>\n\u2022 perception &amp; appr\u00e9hension des paysages<br \/>\n\u2022 visualisation de variantes<br \/>\n\u2022 simulation \u00e9volutive<br \/>\n[\/one_third_last]<\/p>\n","protected":false},"excerpt":{"rendered":"<p>^ 2013 Sigirino Survey &#8211; En collaboration avec LVML &#8211; ETH Z\u00fcrich Video &amp; Media D\u2019une mani\u00e8re simple &amp; franche, la vid\u00e9o comme outil d\u2019analyse offre un autre regard sur les paysages, saisissant des th\u00e8mes difficiles \u00e0 appr\u00e9hender comme le temps, l\u2019\u00e9rosion et les mouvements. L\u2019analyse vid\u00e9o est le point de d\u00e9part d\u2019un questionnement sur&#8230;<\/p>\n","protected":false},"author":1,"featured_media":6621,"parent":3690,"menu_order":0,"comment_status":"closed","ping_status":"closed","template":"","meta":{"footnotes":""},"class_list":["post-3730","page","type-page","status-publish","has-post-thumbnail","hentry","has-content"],"_links":{"self":[{"href":"https:\/\/www.girot.ch\/index.php?rest_route=\/wp\/v2\/pages\/3730","targetHints":{"allow":["GET"]}}],"collection":[{"href":"https:\/\/www.girot.ch\/index.php?rest_route=\/wp\/v2\/pages"}],"about":[{"href":"https:\/\/www.girot.ch\/index.php?rest_route=\/wp\/v2\/types\/page"}],"author":[{"embeddable":true,"href":"https:\/\/www.girot.ch\/index.php?rest_route=\/wp\/v2\/users\/1"}],"replies":[{"embeddable":true,"href":"https:\/\/www.girot.ch\/index.php?rest_route=%2Fwp%2Fv2%2Fcomments&post=3730"}],"version-history":[{"count":13,"href":"https:\/\/www.girot.ch\/index.php?rest_route=\/wp\/v2\/pages\/3730\/revisions"}],"predecessor-version":[{"id":7198,"href":"https:\/\/www.girot.ch\/index.php?rest_route=\/wp\/v2\/pages\/3730\/revisions\/7198"}],"up":[{"embeddable":true,"href":"https:\/\/www.girot.ch\/index.php?rest_route=\/wp\/v2\/pages\/3690"}],"wp:featuredmedia":[{"embeddable":true,"href":"https:\/\/www.girot.ch\/index.php?rest_route=\/wp\/v2\/media\/6621"}],"wp:attachment":[{"href":"https:\/\/www.girot.ch\/index.php?rest_route=%2Fwp%2Fv2%2Fmedia&parent=3730"}],"curies":[{"name":"wp","href":"https:\/\/api.w.org\/{rel}","templated":true}]}}